{"id":1232,"date":"2025-12-16T11:04:21","date_gmt":"2025-12-16T11:04:21","guid":{"rendered":"https:\/\/liberty-trading-academy.com\/politica-de-reembolso\/"},"modified":"2025-12-16T11:06:26","modified_gmt":"2025-12-16T11:06:26","slug":"politica-de-reembolso","status":"publish","type":"page","link":"https:\/\/liberty-trading-academy.com\/es\/politica-de-reembolso\/","title":{"rendered":"Pol\u00edtica de reembolso"},"content":{"rendered":"<style>.elementor-1232 .elementor-element.elementor-element-be64622{--display:flex;--padding-top:50px;--padding-bottom:50px;--padding-left:0px;--padding-right:0px;}.elementor-1232 .elementor-element.elementor-element-e950edf{color:var( --e-global-color-4989307 );}body.elementor-page-1232:not(.elementor-motion-effects-element-type-background), body.elementor-page-1232 > .elementor-motion-effects-container > .elementor-motion-effects-layer{background-color:var( --e-global-color-3253da1 );}@media(max-width:767px){.elementor-1232 .elementor-element.elementor-element-be64622{--padding-top:50px;--padding-bottom:0px;--padding-left:20px;--padding-right:20px;}.elementor-1232 .elementor-element.elementor-element-b63c01d{text-align:center;}}<\/style>\t\t<div data-elementor-type=\"wp-page\" data-elementor-id=\"1232\" class=\"elementor elementor-1232 elementor-1230\" data-elementor-post-type=\"page\">\n\t\t\t\t<div class=\"elementor-element elementor-element-be64622 e-flex e-con-boxed e-con e-parent\" data-id=\"be64622\" data-element_type=\"container\" data-e-type=\"container\">\n\t\t\t\t\t<div class=\"e-con-inner\">\n\t\t\t\t<div class=\"elementor-element elementor-element-b63c01d elementor-widget elementor-widget-heading\" data-id=\"b63c01d\" data-element_type=\"widget\" data-e-type=\"widget\" data-widget_type=\"heading.default\">\n\t\t\t\t\t<h2 class=\"elementor-heading-title elementor-size-default\">Pol\u00edtica de reembolso<\/h2>\t\t\t\t<\/div>\n\t\t\t\t<div class=\"elementor-element elementor-element-e950edf elementor-widget elementor-widget-text-editor\" data-id=\"e950edf\" data-element_type=\"widget\" data-e-type=\"widget\" data-widget_type=\"text-editor.default\">\n\t\t\t\t\t\t\t\t\t<p data-start=\"1527\" data-end=\"1554\"><strong data-start=\"1527\" data-end=\"1554\">Liberty Trading Academy<\/strong><\/p><p data-start=\"1556\" data-end=\"1701\">Liberty Trading Academy ofrece exclusivamente <strong data-start=\"1606\" data-end=\"1644\">productos digitales no f\u00edsicos<\/strong>, accesibles inmediatamente despu\u00e9s de la validaci\u00f3n del pago.<\/p><p data-start=\"1703\" data-end=\"1921\">De conformidad con el C\u00f3digo de Consumo relativo a los contenidos digitales suministrados sin soporte material, el cliente reconoce expresamente que la ejecuci\u00f3n del servicio comienza inmediatamente despu\u00e9s de la compra.<\/p><p data-start=\"1923\" data-end=\"1939\">En consecuencia:<\/p><ul data-start=\"1941\" data-end=\"2151\"><li data-start=\"1941\" data-end=\"1989\"><p data-start=\"1943\" data-end=\"1989\"><strong data-start=\"1943\" data-end=\"1988\">No se aplica ning\u00fan derecho de desistimiento<\/strong>.<\/p><\/li><li data-start=\"1990\" data-end=\"2151\"><p data-start=\"1992\" data-end=\"2151\"><strong data-start=\"1992\" data-end=\"2038\">No se podr\u00e1 conceder ning\u00fan reembolso<\/strong>, sea cual sea la raz\u00f3n, incluso en caso de no utilizaci\u00f3n, error de pedido o cambio de opini\u00f3n.<\/p><\/li><\/ul><p data-start=\"2153\" data-end=\"2231\">Todo pedido se considera <strong data-start=\"2189\" data-end=\"2230\">firme, definitivo y no reembolsable<\/strong>.<\/p><p data-start=\"2233\" data-end=\"2401\">En caso de dificultad t\u00e9cnica que impida el acceso al contenido, se invita al cliente a ponerse en contacto con el soporte en la siguiente direcci\u00f3n:<br data-start=\"2360\" data-end=\"2363\">\ud83d\udce7 <a class=\"decorated-link cursor-pointer\" rel=\"noopener\" data-start=\"2366\" data-end=\"2401\">contact@liberty-trading-academy.com<\/a><\/p><p data-start=\"2403\" data-end=\"2474\">No se aceptar\u00e1 ninguna solicitud de reembolso fuera de este marco.<\/p>\t\t\t\t\t\t\t\t<\/div>\n\t\t\t\t\t<\/div>\n\t\t\t\t<\/div>\n\t\t\t\t<\/div>\n\t\t","protected":false},"excerpt":{"rendered":"<p>Pol\u00edtica de reembolso Liberty Trading Academy Liberty Trading Academy ofrece exclusivamente productos digitales no f\u00edsicos, accesibles inmediatamente despu\u00e9s de la validaci\u00f3n del pago. De conformidad con el C\u00f3digo de Consumo relativo a los contenidos digitales suministrados sin soporte material, el cliente reconoce expresamente que la ejecuci\u00f3n del servicio comienza inmediatamente despu\u00e9s de la compra. En [&hellip;]<\/p>\n","protected":false},"author":1,"featured_media":0,"parent":0,"menu_order":0,"comment_status":"closed","ping_status":"closed","template":"elementor_header_footer","meta":{"footnotes":""},"class_list":["post-1232","page","type-page","status-publish","hentry"],"_links":{"self":[{"href":"https:\/\/liberty-trading-academy.com\/es\/wp-json\/wp\/v2\/pages\/1232","targetHints":{"allow":["GET"]}}],"collection":[{"href":"https:\/\/liberty-trading-academy.com\/es\/wp-json\/wp\/v2\/pages"}],"about":[{"href":"https:\/\/liberty-trading-academy.com\/es\/wp-json\/wp\/v2\/types\/page"}],"author":[{"embeddable":true,"href":"https:\/\/liberty-trading-academy.com\/es\/wp-json\/wp\/v2\/users\/1"}],"replies":[{"embeddable":true,"href":"https:\/\/liberty-trading-academy.com\/es\/wp-json\/wp\/v2\/comments?post=1232"}],"version-history":[{"count":2,"href":"https:\/\/liberty-trading-academy.com\/es\/wp-json\/wp\/v2\/pages\/1232\/revisions"}],"predecessor-version":[{"id":1239,"href":"https:\/\/liberty-trading-academy.com\/es\/wp-json\/wp\/v2\/pages\/1232\/revisions\/1239"}],"wp:attachment":[{"href":"https:\/\/liberty-trading-academy.com\/es\/wp-json\/wp\/v2\/media?parent=1232"}],"curies":[{"name":"wp","href":"https:\/\/api.w.org\/{rel}","templated":true}]}}