{"id":928,"date":"2025-07-02T08:39:11","date_gmt":"2025-07-02T08:39:11","guid":{"rendered":"https:\/\/liberty-trading-academy.com\/blog\/"},"modified":"2026-03-01T15:09:41","modified_gmt":"2026-03-01T15:09:41","slug":"blog","status":"publish","type":"page","link":"https:\/\/liberty-trading-academy.com\/es\/blog\/","title":{"rendered":"Blog"},"content":{"rendered":"<style>.elementor-928 .elementor-element.elementor-element-a664884{--display:flex;--flex-direction:column;--container-widget-width:100%;--container-widget-height:initial;--container-widget-flex-grow:0;--container-widget-align-self:initial;--flex-wrap-mobile:wrap;--overlay-opacity:1;--margin-top:0em;--margin-bottom:0em;--margin-left:0em;--margin-right:0em;--padding-top:75px;--padding-bottom:50px;--padding-left:0px;--padding-right:0px;}.elementor-928 .elementor-element.elementor-element-a664884:not(.elementor-motion-effects-element-type-background), .elementor-928 .elementor-element.elementor-element-a664884 > .elementor-motion-effects-container > .elementor-motion-effects-layer{background-image:url(\"https:\/\/liberty-trading-academy.com\/wp-content\/uploads\/2025\/07\/Graphique-trading-prop-firm-scaled.jpg\");background-position:center center;background-repeat:no-repeat;background-size:cover;}.elementor-928 .elementor-element.elementor-element-a664884::before, .elementor-928 .elementor-element.elementor-element-a664884 > .elementor-background-video-container::before, .elementor-928 .elementor-element.elementor-element-a664884 > .e-con-inner > .elementor-background-video-container::before, .elementor-928 .elementor-element.elementor-element-a664884 > .elementor-background-slideshow::before, .elementor-928 .elementor-element.elementor-element-a664884 > .e-con-inner > .elementor-background-slideshow::before, .elementor-928 .elementor-element.elementor-element-a664884 > .elementor-motion-effects-container > .elementor-motion-effects-layer::before{--background-overlay:'';background-color:transparent;background-image:linear-gradient(180deg, #222641CC 0%, var( --e-global-color-638d055 ) 100%);}.elementor-928 .elementor-element.elementor-element-e61d137{--display:flex;--margin-top:3em;--margin-bottom:0em;--margin-left:0em;--margin-right:0em;--padding-top:2em;--padding-bottom:2em;--padding-left:0em;--padding-right:0em;}.elementor-928 .elementor-element.elementor-element-592c923{text-align:center;}.elementor-928 .elementor-element.elementor-element-592c923 .elementor-heading-title{color:var( --e-global-color-bb282b5 );}.elementor-928 .elementor-element.elementor-element-019c1d7{text-align:center;color:#FFFFFF;width:100%;max-width:100%;}.elementor-928 .elementor-element.elementor-element-33aa29cc{--display:flex;--flex-direction:column;--container-widget-width:100%;--container-widget-height:initial;--container-widget-flex-grow:0;--container-widget-align-self:initial;--flex-wrap-mobile:wrap;--padding-top:5em;--padding-bottom:7em;--padding-left:0em;--padding-right:0em;}.elementor-928 .elementor-element.elementor-element-968dd90 .jeg-elementor-kit.jkit-postblock .jkit-posts{grid-template-columns:repeat(1, minmax(0, 1fr));grid-column-gap:40px;}.elementor-928 .elementor-element.elementor-element-968dd90 .jeg-elementor-kit.jkit-postblock .jkit-thumb .thumbnail-container{height:300px;}.elementor-928 .elementor-element.elementor-element-968dd90 .jeg-elementor-kit.jkit-postblock .jkit-postblock-content{text-align:left;}.elementor-928 .elementor-element.elementor-element-968dd90 .jeg-elementor-kit.jkit-postblock .jkit-post-title a, .elementor-928 .elementor-element.elementor-element-968dd90 .jeg-elementor-kit.jkit-postblock.postblock-type-4 .jkit-post-title a{font-family:\"Manrope\", Sans-serif;font-size:23px;font-weight:700;line-height:1.2em;}.elementor-928 .elementor-element.elementor-element-968dd90 .jeg-elementor-kit.jkit-postblock .jkit-post-title a{color:var( --e-global-color-bb282b5 );}.elementor-928 .elementor-element.elementor-element-968dd90 .jeg-elementor-kit.jkit-postblock .jkit-post-excerpt p{color:#FFFFFF;}.elementor-928 .elementor-element.elementor-element-968dd90 .jeg-elementor-kit.jkit-postblock .jkit-meta-readmore.icon-position-before i, .elementor-928 .elementor-element.elementor-element-968dd90 .jeg-elementor-kit.jkit-postblock .jkit-meta-readmore.icon-position-before svg{margin-right:5px;}.elementor-928 .elementor-element.elementor-element-968dd90 .jeg-elementor-kit.jkit-postblock .jkit-meta-readmore.icon-position-after i, .elementor-928 .elementor-element.elementor-element-968dd90 .jeg-elementor-kit.jkit-postblock .jkit-meta-readmore.icon-position-after svg{margin-left:5px;}.elementor-928 .elementor-element.elementor-element-968dd90 .jeg-elementor-kit.jkit-postblock .jkit-meta-author.icon-position-before i, .elementor-928 .elementor-element.elementor-element-968dd90 .jeg-elementor-kit.jkit-postblock .jkit-meta-author.icon-position-before svg{margin-right:5px;}.elementor-928 .elementor-element.elementor-element-968dd90 .jeg-elementor-kit.jkit-postblock .jkit-meta-author.icon-position-after i, .elementor-928 .elementor-element.elementor-element-968dd90 .jeg-elementor-kit.jkit-postblock .jkit-meta-author.icon-position-after svg{margin-left:5px;}.elementor-928 .elementor-element.elementor-element-968dd90 .jeg-elementor-kit.jkit-postblock .jkit-meta-date.icon-position-before i, .elementor-928 .elementor-element.elementor-element-968dd90 .jeg-elementor-kit.jkit-postblock .jkit-meta-date.icon-position-before svg{margin-right:5px;}.elementor-928 .elementor-element.elementor-element-968dd90 .jeg-elementor-kit.jkit-postblock .jkit-meta-date.icon-position-after i, .elementor-928 .elementor-element.elementor-element-968dd90 .jeg-elementor-kit.jkit-postblock .jkit-meta-date.icon-position-after svg{margin-left:5px;}.elementor-928 .elementor-element.elementor-element-968dd90 .jeg-elementor-kit.jkit-postblock .jkit-post-meta-bottom{justify-content:space-between;}.elementor-928 .elementor-element.elementor-element-968dd90 .jeg-elementor-kit.jkit-postblock .jeg_empty_module{text-align:left;}body.elementor-page-928:not(.elementor-motion-effects-element-type-background), body.elementor-page-928 > .elementor-motion-effects-container > .elementor-motion-effects-layer{background-color:var( --e-global-color-638d055 );}@media(min-width:768px){.elementor-928 .elementor-element.elementor-element-a664884{--content-width:1080px;}.elementor-928 .elementor-element.elementor-element-e61d137{--content-width:1050px;}}@media(max-width:1024px){.elementor-928 .elementor-element.elementor-element-a664884{--padding-top:65px;--padding-bottom:0px;--padding-left:21px;--padding-right:21px;}.elementor-928 .elementor-element.elementor-element-e61d137{--margin-top:2em;--margin-bottom:0em;--margin-left:0em;--margin-right:0em;}.elementor-928 .elementor-element.elementor-element-33aa29cc{--padding-top:3em;--padding-bottom:3em;--padding-left:1em;--padding-right:1em;}.elementor-928 .elementor-element.elementor-element-968dd90 .jeg-elementor-kit.jkit-postblock .jkit-posts{grid-template-columns:repeat(1, minmax(0, 1fr));}.elementor-928 .elementor-element.elementor-element-968dd90 .jeg-elementor-kit.jkit-postblock .jkit-post-title a, .elementor-928 .elementor-element.elementor-element-968dd90 .jeg-elementor-kit.jkit-postblock.postblock-type-4 .jkit-post-title a{font-size:31px;}}@media(max-width:767px){.elementor-928 .elementor-element.elementor-element-a664884{--padding-top:60px;--padding-bottom:0px;--padding-left:10px;--padding-right:10px;}.elementor-928 .elementor-element.elementor-element-e61d137{--padding-top:14px;--padding-bottom:14px;--padding-left:14px;--padding-right:14px;}.elementor-928 .elementor-element.elementor-element-33aa29cc{--padding-top:2em;--padding-bottom:2em;--padding-left:1em;--padding-right:1em;}.elementor-928 .elementor-element.elementor-element-968dd90 .jeg-elementor-kit.jkit-postblock .jkit-posts{grid-template-columns:repeat(1, minmax(0, 1fr));}.elementor-928 .elementor-element.elementor-element-968dd90 .jeg-elementor-kit.jkit-postblock{padding:0px 0px 0px 0px;}.elementor-928 .elementor-element.elementor-element-968dd90 .jeg-elementor-kit.jkit-postblock .jkit-post-title{margin:27px 10px 0px 0px;}.elementor-928 .elementor-element.elementor-element-968dd90 .jeg-elementor-kit.jkit-postblock.postblock-type-4 .jkit-post-title{margin:27px 10px 0px 0px;}.elementor-928 .elementor-element.elementor-element-968dd90 .jeg-elementor-kit.jkit-postblock .jkit-post-title a, .elementor-928 .elementor-element.elementor-element-968dd90 .jeg-elementor-kit.jkit-postblock.postblock-type-4 .jkit-post-title a{font-size:19px;}.elementor-928 .elementor-element.elementor-element-968dd90 .jeg-elementor-kit.jkit-postblock .jkit-post-excerpt{margin:0px 30px 0px 0px;}}@media (max-width: 1024px) {.elementor-element.elementor-element-968dd90 .jeg-elementor-kit.jkit-postblock.postblock-type-1 .jkit-post { display: block; -webkit-box-align: stretch; -ms-flex-align: stretch; align-items: stretch; } }@media (max-width: 1024px) {.elementor-element.elementor-element-968dd90 .jeg-elementor-kit.jkit-postblock.postblock-type-1 .jkit-thumb { -webkit-box-flex: 1; -ms-flex: 1 0 auto; flex: 1 0 auto; max-width: 100%; } }<\/style>\t\t<div data-elementor-type=\"wp-page\" data-elementor-id=\"928\" class=\"elementor elementor-928 elementor-322\" data-elementor-post-type=\"page\">\n\t\t\t\t<div class=\"elementor-element elementor-element-a664884 e-flex e-con-boxed e-con e-parent\" data-id=\"a664884\" data-element_type=\"container\" data-e-type=\"container\" data-settings=\"{&quot;background_background&quot;:&quot;classic&quot;}\">\n\t\t\t\t\t<div class=\"e-con-inner\">\n\t\t<div class=\"elementor-element elementor-element-e61d137 e-flex e-con-boxed e-con e-child\" data-id=\"e61d137\" data-element_type=\"container\" data-e-type=\"container\">\n\t\t\t\t\t<div class=\"e-con-inner\">\n\t\t\t\t<div class=\"elementor-element elementor-element-592c923 elementor-invisible elementor-widget elementor-widget-heading\" data-id=\"592c923\" data-element_type=\"widget\" data-e-type=\"widget\" data-settings=\"{&quot;_animation&quot;:&quot;fadeInUp&quot;,&quot;_animation_delay&quot;:300}\" data-widget_type=\"heading.default\">\n\t\t\t\t\t<h1 class=\"elementor-heading-title elementor-size-default\">Blog de Trading y Prop Firms: Trucos, Estrategias y Consejos para Triunfar<\/h1>\t\t\t\t<\/div>\n\t\t\t\t<div class=\"elementor-element elementor-element-019c1d7 elementor-widget__width-inherit elementor-widget elementor-widget-text-editor\" data-id=\"019c1d7\" data-element_type=\"widget\" data-e-type=\"widget\" data-widget_type=\"text-editor.default\">\n\t\t\t\t\t\t\t\t\t<p data-start=\"178\" data-end=\"437\">Bienvenido a nuestro blog dedicado al trading y a las Prop Firms, la nueva v\u00eda para acceder a capitales importantes sin invertir fondos personales. Ya sea usted principiante o trader experimentado, aqu\u00ed encontrar\u00e1 art\u00edculos detallados, an\u00e1lisis precisos y consejos pr\u00e1cticos para dominar los desaf\u00edos de las Prop Firms, optimizar sus estrategias de trading y mejorar su psicolog\u00eda como trader. Explore nuestros contenidos para mantenerse al d\u00eda sobre las mejores pr\u00e1cticas, descubrir las tendencias del mercado y maximizar sus posibilidades de \u00e9xito en este exigente entorno.<\/p>\t\t\t\t\t\t\t\t<\/div>\n\t\t\t\t\t<\/div>\n\t\t\t\t<\/div>\n\t\t\t\t\t<\/div>\n\t\t\t\t<\/div>\n\t\t<div class=\"elementor-element elementor-element-33aa29cc e-flex e-con-boxed e-con e-parent\" data-id=\"33aa29cc\" data-element_type=\"container\" data-e-type=\"container\">\n\t\t\t\t\t<div class=\"e-con-inner\">\n\t\t\t\t<div class=\"elementor-element elementor-element-968dd90 elementor-widget elementor-widget-jkit_post_block\" data-id=\"968dd90\" data-element_type=\"widget\" data-e-type=\"widget\" data-widget_type=\"jkit_post_block.default\">\n\t\t\t\t\t<div  class=\"jeg-elementor-kit jkit-postblock postblock-type-1 jkit-pagination-disable post-element jeg_module___69e22bf1b23e4\"  data-id=\"jeg_module___69e22bf1b23e4\" data-settings=\"{&quot;post_type&quot;:&quot;post&quot;,&quot;number_post&quot;:{&quot;unit&quot;:&quot;px&quot;,&quot;size&quot;:13,&quot;sizes&quot;:[]},&quot;post_offset&quot;:0,&quot;unique_content&quot;:&quot;disable&quot;,&quot;include_post&quot;:&quot;&quot;,&quot;exclude_post&quot;:&quot;&quot;,&quot;include_category&quot;:&quot;&quot;,&quot;exclude_category&quot;:&quot;&quot;,&quot;include_author&quot;:&quot;&quot;,&quot;include_tag&quot;:&quot;&quot;,&quot;exclude_tag&quot;:&quot;&quot;,&quot;product_brand&quot;:&quot;&quot;,&quot;product_cat&quot;:&quot;&quot;,&quot;product_tag&quot;:&quot;&quot;,&quot;course-category&quot;:&quot;&quot;,&quot;course-tag&quot;:&quot;&quot;,&quot;sort_by&quot;:&quot;latest&quot;,&quot;pagination_mode&quot;:&quot;disable&quot;,&quot;pagination_loadmore_text&quot;:&quot;Load More&quot;,&quot;pagination_loading_text&quot;:&quot;Loading...&quot;,&quot;pagination_number_post&quot;:{&quot;unit&quot;:&quot;px&quot;,&quot;size&quot;:3,&quot;sizes&quot;:[]},&quot;pagination_scroll_limit&quot;:0,&quot;pagination_icon&quot;:{&quot;value&quot;:&quot;&quot;,&quot;library&quot;:&quot;&quot;},&quot;pagination_icon_position&quot;:&quot;before&quot;,&quot;st_category_position&quot;:&quot;center&quot;,&quot;sg_content_postblock_type&quot;:&quot;type-1&quot;,&quot;sg_content_element_order&quot;:&quot;title,meta,excerpt,read&quot;,&quot;sg_content_breakpoint&quot;:&quot;tablet&quot;,&quot;sg_content_title_html_tag&quot;:&quot;h3&quot;,&quot;sg_content_category_enable&quot;:&quot;&quot;,&quot;sg_content_excerpt_enable&quot;:&quot;yes&quot;,&quot;sg_content_excerpt_length&quot;:{&quot;unit&quot;:&quot;px&quot;,&quot;size&quot;:20,&quot;sizes&quot;:[]},&quot;sg_content_excerpt_more&quot;:&quot;...&quot;,&quot;sg_content_readmore_enable&quot;:&quot;yes&quot;,&quot;sg_content_readmore_icon&quot;:{&quot;value&quot;:&quot;fas fa-arrow-right&quot;,&quot;library&quot;:&quot;fa-solid&quot;},&quot;sg_content_readmore_icon_position&quot;:&quot;after&quot;,&quot;sg_content_readmore_text&quot;:&quot;Lire plus&quot;,&quot;sg_content_comment_enable&quot;:&quot;&quot;,&quot;sg_content_comment_icon&quot;:{&quot;value&quot;:&quot;fas fa-comment&quot;,&quot;library&quot;:&quot;fa-solid&quot;},&quot;sg_content_comment_icon_position&quot;:&quot;before&quot;,&quot;sg_content_meta_enable&quot;:&quot;yes&quot;,&quot;sg_content_meta_author_enable&quot;:&quot;&quot;,&quot;sg_content_meta_author_by_text&quot;:&quot;par&quot;,&quot;sg_content_meta_author_icon&quot;:{&quot;value&quot;:&quot;fas fa-user&quot;,&quot;library&quot;:&quot;fa-solid&quot;},&quot;sg_content_meta_author_icon_position&quot;:&quot;before&quot;,&quot;sg_content_meta_date_enable&quot;:&quot;yes&quot;,&quot;sg_content_meta_date_type&quot;:&quot;published&quot;,&quot;sg_content_meta_date_format&quot;:&quot;default&quot;,&quot;sg_content_meta_date_format_custom&quot;:&quot;F j, Y&quot;,&quot;sg_content_meta_date_icon&quot;:{&quot;value&quot;:&quot;fas fa-clock&quot;,&quot;library&quot;:&quot;fa-solid&quot;},&quot;sg_content_meta_date_icon_position&quot;:&quot;before&quot;,&quot;sg_content_image_size_imagesize_size&quot;:&quot;full&quot;,&quot;lang&quot;:&quot;es&quot;,&quot;paged&quot;:1,&quot;class&quot;:&quot;jkit_post_block&quot;}\"><div class=\"jkit-block-container\"><div class=\"jkit-posts jkit-ajax-flag\">\n            <article class=\"jkit-post post-924 post type-post status-publish format-standard has-post-thumbnail hentry category-sin-categoria\">\n                    <div class=\"jkit-thumb\"><a aria-label=\"\u00bfC\u00f3mo superar una evaluaci\u00f3n de Prop Firm? Gu\u00eda completa para traders independientes\" href=\"https:\/\/liberty-trading-academy.com\/es\/como-superar-una-evaluacion-de-prop-firm-guia-completa-para-traders-independientes\/\"><div class=\"thumbnail-container \">\n            <img loading=\"lazy\" decoding=\"async\" width=\"2560\" height=\"1707\" src=\"https:\/\/liberty-trading-academy.com\/wp-content\/uploads\/2025\/07\/image-recadree-d-homme-d-affaires-assis-pres-de-la-table-dans-le-cafe-et-l-analyse-des-indicateurs-scaled.jpg\" class=\"attachment-full size-full wp-post-image\" alt=\"\" loading=\"lazy\" srcset=\"https:\/\/liberty-trading-academy.com\/wp-content\/uploads\/2025\/07\/image-recadree-d-homme-d-affaires-assis-pres-de-la-table-dans-le-cafe-et-l-analyse-des-indicateurs-scaled.jpg 2560w, https:\/\/liberty-trading-academy.com\/wp-content\/uploads\/2025\/07\/image-recadree-d-homme-d-affaires-assis-pres-de-la-table-dans-le-cafe-et-l-analyse-des-indicateurs-scaled-600x400.jpg 600w, https:\/\/liberty-trading-academy.com\/wp-content\/uploads\/2025\/07\/image-recadree-d-homme-d-affaires-assis-pres-de-la-table-dans-le-cafe-et-l-analyse-des-indicateurs-300x200.jpg 300w, https:\/\/liberty-trading-academy.com\/wp-content\/uploads\/2025\/07\/image-recadree-d-homme-d-affaires-assis-pres-de-la-table-dans-le-cafe-et-l-analyse-des-indicateurs-1024x683.jpg 1024w, https:\/\/liberty-trading-academy.com\/wp-content\/uploads\/2025\/07\/image-recadree-d-homme-d-affaires-assis-pres-de-la-table-dans-le-cafe-et-l-analyse-des-indicateurs-768x512.jpg 768w, https:\/\/liberty-trading-academy.com\/wp-content\/uploads\/2025\/07\/image-recadree-d-homme-d-affaires-assis-pres-de-la-table-dans-le-cafe-et-l-analyse-des-indicateurs-1536x1024.jpg 1536w, https:\/\/liberty-trading-academy.com\/wp-content\/uploads\/2025\/07\/image-recadree-d-homme-d-affaires-assis-pres-de-la-table-dans-le-cafe-et-l-analyse-des-indicateurs-2048x1365.jpg 2048w\" sizes=\"auto, (max-width: 2560px) 100vw, 2560px\" \/>\n        <\/div><\/a><\/div>\n                    <div class=\"jkit-postblock-content\"><h3 class=\"jkit-post-title\">\n\t\t\t\t\t\t\t<a href=\"https:\/\/liberty-trading-academy.com\/es\/como-superar-una-evaluacion-de-prop-firm-guia-completa-para-traders-independientes\/\">\u00bfC\u00f3mo superar una evaluaci\u00f3n de Prop Firm? Gu\u00eda completa para traders independientes<\/a>\n\t\t\t\t\t\t<\/h3><div class=\"jkit-post-meta\"><div class=\"jkit-meta-date icon-position-before\"><svg aria-hidden=\"true\" class=\"e-font-icon-svg e-fas-clock\" viewBox=\"0 0 512 512\" xmlns=\"http:\/\/www.w3.org\/2000\/svg\"><path d=\"M256,8C119,8,8,119,8,256S119,504,256,504,504,393,504,256,393,8,256,8Zm92.49,313h0l-20,25a16,16,0,0,1-22.49,2.5h0l-67-49.72a40,40,0,0,1-15-31.23V112a16,16,0,0,1,16-16h32a16,16,0,0,1,16,16V256l58,42.5A16,16,0,0,1,348.49,321Z\"><\/path><\/svg>julio 2, 2025<\/div><\/div><div class=\"jkit-post-excerpt\"><p>Introducci\u00f3n: Las prop firms (empresas de trading propietario) se han convertido en una oportunidad ineludible para los traders que desean...<\/p><\/div><div class=\"jkit-post-meta-bottom\">\n\t\t\t\t\t\t\t<div class=\"jkit-meta-readmore icon-position-after\">\n                <a title=\"\u00bfC\u00f3mo superar una evaluaci\u00f3n de Prop Firm? Gu\u00eda completa para traders independientes\" href=\"https:\/\/liberty-trading-academy.com\/es\/como-superar-una-evaluacion-de-prop-firm-guia-completa-para-traders-independientes\/\" class=\"jkit-readmore\">Lire plus<svg aria-hidden=\"true\" class=\"e-font-icon-svg e-fas-arrow-right\" viewBox=\"0 0 448 512\" xmlns=\"http:\/\/www.w3.org\/2000\/svg\"><path d=\"M190.5 66.9l22.2-22.2c9.4-9.4 24.6-9.4 33.9 0L441 239c9.4 9.4 9.4 24.6 0 33.9L246.6 467.3c-9.4 9.4-24.6 9.4-33.9 0l-22.2-22.2c-9.5-9.5-9.3-25 .4-34.3L311.4 296H24c-13.3 0-24-10.7-24-24v-32c0-13.3 10.7-24 24-24h287.4L190.9 101.2c-9.8-9.3-10-24.8-.4-34.3z\"><\/path><\/svg><\/a>\n            <\/div>\n\t\t\t\t\t\t<\/div><\/div>\n                <\/article>\n        <\/div><\/div><\/div>\t\t\t\t<\/div>\n\t\t\t\t\t<\/div>\n\t\t\t\t<\/div>\n\t\t\t\t<\/div>\n\t\t","protected":false},"excerpt":{"rendered":"<p>Blog de Trading y Prop Firms: Trucos, Estrategias y Consejos para Triunfar Bienvenido a nuestro blog dedicado al trading y a las Prop Firms, la nueva v\u00eda para acceder a capitales importantes sin invertir fondos personales. Ya sea usted principiante o trader experimentado, aqu\u00ed encontrar\u00e1 art\u00edculos detallados, an\u00e1lisis precisos y consejos pr\u00e1cticos para dominar los [&hellip;]<\/p>\n","protected":false},"author":1,"featured_media":1274,"parent":0,"menu_order":0,"comment_status":"closed","ping_status":"closed","template":"elementor_header_footer","meta":{"footnotes":""},"class_list":["post-928","page","type-page","status-publish","has-post-thumbnail","hentry"],"_links":{"self":[{"href":"https:\/\/liberty-trading-academy.com\/es\/wp-json\/wp\/v2\/pages\/928","targetHints":{"allow":["GET"]}}],"collection":[{"href":"https:\/\/liberty-trading-academy.com\/es\/wp-json\/wp\/v2\/pages"}],"about":[{"href":"https:\/\/liberty-trading-academy.com\/es\/wp-json\/wp\/v2\/types\/page"}],"author":[{"embeddable":true,"href":"https:\/\/liberty-trading-academy.com\/es\/wp-json\/wp\/v2\/users\/1"}],"replies":[{"embeddable":true,"href":"https:\/\/liberty-trading-academy.com\/es\/wp-json\/wp\/v2\/comments?post=928"}],"version-history":[{"count":3,"href":"https:\/\/liberty-trading-academy.com\/es\/wp-json\/wp\/v2\/pages\/928\/revisions"}],"predecessor-version":[{"id":1431,"href":"https:\/\/liberty-trading-academy.com\/es\/wp-json\/wp\/v2\/pages\/928\/revisions\/1431"}],"wp:featuredmedia":[{"embeddable":true,"href":"https:\/\/liberty-trading-academy.com\/es\/wp-json\/wp\/v2\/media\/1274"}],"wp:attachment":[{"href":"https:\/\/liberty-trading-academy.com\/es\/wp-json\/wp\/v2\/media?parent=928"}],"curies":[{"name":"wp","href":"https:\/\/api.w.org\/{rel}","templated":true}]}}