{"id":965,"date":"2025-07-01T19:37:57","date_gmt":"2025-07-01T19:37:57","guid":{"rendered":"https:\/\/liberty-trading-academy.com\/contacto\/"},"modified":"2026-03-01T15:06:58","modified_gmt":"2026-03-01T15:06:58","slug":"contacto","status":"publish","type":"page","link":"https:\/\/liberty-trading-academy.com\/es\/contacto\/","title":{"rendered":"Contacto"},"content":{"rendered":"<style>.elementor-965 .elementor-element.elementor-element-b789130{--display:flex;--flex-direction:column;--container-widget-width:100%;--container-widget-height:initial;--container-widget-flex-grow:0;--container-widget-align-self:initial;--flex-wrap-mobile:wrap;--overlay-opacity:1;--margin-top:0em;--margin-bottom:0em;--margin-left:0em;--margin-right:0em;--padding-top:75px;--padding-bottom:50px;--padding-left:0px;--padding-right:0px;}.elementor-965 .elementor-element.elementor-element-b789130:not(.elementor-motion-effects-element-type-background), .elementor-965 .elementor-element.elementor-element-b789130 > .elementor-motion-effects-container > .elementor-motion-effects-layer{background-image:url(\"https:\/\/liberty-trading-academy.com\/wp-content\/uploads\/2025\/07\/6257814-scaled.jpg\");background-position:center center;background-repeat:no-repeat;background-size:cover;}.elementor-965 .elementor-element.elementor-element-b789130::before, .elementor-965 .elementor-element.elementor-element-b789130 > .elementor-background-video-container::before, .elementor-965 .elementor-element.elementor-element-b789130 > .e-con-inner > .elementor-background-video-container::before, .elementor-965 .elementor-element.elementor-element-b789130 > .elementor-background-slideshow::before, .elementor-965 .elementor-element.elementor-element-b789130 > .e-con-inner > .elementor-background-slideshow::before, .elementor-965 .elementor-element.elementor-element-b789130 > .elementor-motion-effects-container > .elementor-motion-effects-layer::before{--background-overlay:'';background-color:transparent;background-image:linear-gradient(180deg, #222641CC 0%, var( --e-global-color-638d055 ) 100%);}.elementor-965 .elementor-element.elementor-element-a61f65f{--display:flex;--margin-top:3em;--margin-bottom:0em;--margin-left:0em;--margin-right:0em;--padding-top:2em;--padding-bottom:2em;--padding-left:0em;--padding-right:0em;}.elementor-965 .elementor-element.elementor-element-70e566c{text-align:center;}.elementor-965 .elementor-element.elementor-element-70e566c .elementor-heading-title{color:var( --e-global-color-bb282b5 );}.elementor-965 .elementor-element.elementor-element-b48300c{text-align:center;color:#FFFFFF;width:100%;max-width:100%;}.elementor-965 .elementor-element.elementor-element-07546a3{--display:flex;--margin-top:0px;--margin-bottom:100px;--margin-left:0px;--margin-right:0px;}.elementor-965 .elementor-element.elementor-element-fada6d7 .elementor-field-group{padding-right:calc( 10px\/2 );padding-left:calc( 10px\/2 );margin-bottom:10px;}.elementor-965 .elementor-element.elementor-element-fada6d7 .elementor-form-fields-wrapper{margin-left:calc( -10px\/2 );margin-right:calc( -10px\/2 );margin-bottom:-10px;}.elementor-965 .elementor-element.elementor-element-fada6d7 .elementor-field-group.recaptcha_v3-bottomleft, .elementor-965 .elementor-element.elementor-element-fada6d7 .elementor-field-group.recaptcha_v3-bottomright{margin-bottom:0;}body.rtl .elementor-965 .elementor-element.elementor-element-fada6d7 .elementor-labels-inline .elementor-field-group > label{padding-left:0px;}body:not(.rtl) .elementor-965 .elementor-element.elementor-element-fada6d7 .elementor-labels-inline .elementor-field-group > label{padding-right:0px;}body .elementor-965 .elementor-element.elementor-element-fada6d7 .elementor-labels-above .elementor-field-group > label{padding-bottom:0px;}.elementor-965 .elementor-element.elementor-element-fada6d7 .elementor-field-type-html{padding-bottom:0px;}.elementor-965 .elementor-element.elementor-element-fada6d7 .elementor-field-group .elementor-field:not(.elementor-select-wrapper){background-color:#ffffff;}.elementor-965 .elementor-element.elementor-element-fada6d7 .elementor-field-group .elementor-select-wrapper select{background-color:#ffffff;}.elementor-965 .elementor-element.elementor-element-fada6d7 .e-form__buttons__wrapper__button-next{color:#ffffff;}.elementor-965 .elementor-element.elementor-element-fada6d7 .elementor-button[type=\"submit\"]{color:#ffffff;}.elementor-965 .elementor-element.elementor-element-fada6d7 .elementor-button[type=\"submit\"] svg *{fill:#ffffff;}.elementor-965 .elementor-element.elementor-element-fada6d7 .e-form__buttons__wrapper__button-previous{color:#ffffff;}.elementor-965 .elementor-element.elementor-element-fada6d7 .e-form__buttons__wrapper__button-next:hover{color:#ffffff;}.elementor-965 .elementor-element.elementor-element-fada6d7 .elementor-button[type=\"submit\"]:hover{color:#ffffff;}.elementor-965 .elementor-element.elementor-element-fada6d7 .elementor-button[type=\"submit\"]:hover svg *{fill:#ffffff;}.elementor-965 .elementor-element.elementor-element-fada6d7 .e-form__buttons__wrapper__button-previous:hover{color:#ffffff;}.elementor-965 .elementor-element.elementor-element-fada6d7{--e-form-steps-indicators-spacing:20px;--e-form-steps-indicator-padding:30px;--e-form-steps-indicator-inactive-secondary-color:#ffffff;--e-form-steps-indicator-active-secondary-color:#ffffff;--e-form-steps-indicator-completed-secondary-color:#ffffff;--e-form-steps-divider-width:1px;--e-form-steps-divider-gap:10px;}body.elementor-page-965:not(.elementor-motion-effects-element-type-background), body.elementor-page-965 > .elementor-motion-effects-container > .elementor-motion-effects-layer{background-color:var( --e-global-color-638d055 );}@media(min-width:768px){.elementor-965 .elementor-element.elementor-element-b789130{--content-width:1080px;}.elementor-965 .elementor-element.elementor-element-a61f65f{--content-width:1050px;}.elementor-965 .elementor-element.elementor-element-07546a3{--content-width:700px;}}@media(max-width:1024px){.elementor-965 .elementor-element.elementor-element-b789130{--padding-top:65px;--padding-bottom:0px;--padding-left:21px;--padding-right:21px;}.elementor-965 .elementor-element.elementor-element-a61f65f{--margin-top:2em;--margin-bottom:0em;--margin-left:0em;--margin-right:0em;}}@media(max-width:767px){.elementor-965 .elementor-element.elementor-element-b789130{--padding-top:60px;--padding-bottom:0px;--padding-left:10px;--padding-right:10px;}.elementor-965 .elementor-element.elementor-element-a61f65f{--padding-top:14px;--padding-bottom:14px;--padding-left:14px;--padding-right:14px;}}<\/style>\t\t<div data-elementor-type=\"wp-page\" data-elementor-id=\"965\" class=\"elementor elementor-965 elementor-29\" data-elementor-post-type=\"page\">\n\t\t\t\t<div class=\"elementor-element elementor-element-b789130 e-flex e-con-boxed e-con e-parent\" data-id=\"b789130\" data-element_type=\"container\" data-e-type=\"container\" data-settings=\"{&quot;background_background&quot;:&quot;classic&quot;}\">\n\t\t\t\t\t<div class=\"e-con-inner\">\n\t\t<div class=\"elementor-element elementor-element-a61f65f e-flex e-con-boxed e-con e-child\" data-id=\"a61f65f\" data-element_type=\"container\" data-e-type=\"container\">\n\t\t\t\t\t<div class=\"e-con-inner\">\n\t\t\t\t<div class=\"elementor-element elementor-element-70e566c elementor-invisible elementor-widget elementor-widget-heading\" data-id=\"70e566c\" data-element_type=\"widget\" data-e-type=\"widget\" data-settings=\"{&quot;_animation&quot;:&quot;fadeInUp&quot;,&quot;_animation_delay&quot;:300}\" data-widget_type=\"heading.default\">\n\t\t\t\t\t<h1 class=\"elementor-heading-title elementor-size-default\">Cont\u00e1ctenos<\/h1>\t\t\t\t<\/div>\n\t\t\t\t<div class=\"elementor-element elementor-element-b48300c elementor-widget__width-inherit elementor-widget elementor-widget-text-editor\" data-id=\"b48300c\" data-element_type=\"widget\" data-e-type=\"widget\" data-widget_type=\"text-editor.default\">\n\t\t\t\t\t\t\t\t\t<h5 data-start=\"155\" data-end=\"198\">\u00bfAlguna pregunta? \u00bfAlguna necesidad? \u00a1Hablemos!<\/h5><p data-start=\"200\" data-end=\"446\">\u00bfDesea saber m\u00e1s sobre nuestra formaci\u00f3n dedicada a las <strong data-start=\"261\" data-end=\"275\">Prop Firms<\/strong>?<br data-start=\"277\" data-end=\"280\">\u00bfTiene alguna pregunta sobre el contenido, el acceso, las modalidades o alguna necesidad espec\u00edfica relacionada con el <strong data-start=\"373\" data-end=\"392\">trading financiado<\/strong>?<br data-start=\"394\" data-end=\"397\">Estamos a su disposici\u00f3n para acompa\u00f1arle.<\/p>\t\t\t\t\t\t\t\t<\/div>\n\t\t\t\t\t<\/div>\n\t\t\t\t<\/div>\n\t\t\t\t\t<\/div>\n\t\t\t\t<\/div>\n\t\t<div class=\"elementor-element elementor-element-07546a3 e-flex e-con-boxed e-con e-parent\" data-id=\"07546a3\" data-element_type=\"container\" data-e-type=\"container\">\n\t\t\t\t\t<div class=\"e-con-inner\">\n\t\t\t\t<div class=\"elementor-element elementor-element-fada6d7 elementor-button-align-stretch elementor-widget elementor-widget-form\" data-id=\"fada6d7\" data-element_type=\"widget\" data-e-type=\"widget\" data-settings=\"{&quot;step_next_label&quot;:&quot;Siguiente&quot;,&quot;step_previous_label&quot;:&quot;Anterior&quot;,&quot;button_width&quot;:&quot;100&quot;,&quot;step_type&quot;:&quot;number_text&quot;,&quot;step_icon_shape&quot;:&quot;circle&quot;}\" data-widget_type=\"form.default\">\n\t\t\t\t\t\t\t<form class=\"elementor-form\" method=\"post\" name=\"Nuevo formulario\" aria-label=\"Nuevo formulario\">\n\t\t\t<input type=\"hidden\" name=\"post_id\" value=\"965\"\/>\n\t\t\t<input type=\"hidden\" name=\"form_id\" value=\"fada6d7\"\/>\n\t\t\t<input type=\"hidden\" name=\"referer_title\" value=\"Contacto | Liberty Trading \u2013 Formaci\u00f3n Trading Prop Firm\" \/>\n\n\t\t\t\t\t\t\t<input type=\"hidden\" name=\"queried_id\" value=\"965\"\/>\n\t\t\t\n\t\t\t<div class=\"elementor-form-fields-wrapper elementor-labels-\">\n\t\t\t\t\t\t\t\t<div class=\"elementor-field-type-text elementor-field-group elementor-column elementor-field-group-name elementor-col-60\">\n\t\t\t\t\t\t\t\t\t\t\t\t<label for=\"form-field-name\" class=\"elementor-field-label elementor-screen-only\">\n\t\t\t\t\t\t\t\tApellido\t\t\t\t\t\t\t<\/label>\n\t\t\t\t\t\t\t\t\t\t\t\t\t\t<input size=\"1\" type=\"text\" name=\"form_fields[name]\" id=\"form-field-name\" class=\"elementor-field elementor-size-sm  elementor-field-textual\" placeholder=\"Apellido\">\n\t\t\t\t\t\t\t\t\t\t\t<\/div>\n\t\t\t\t\t\t\t\t<div class=\"elementor-field-type-text elementor-field-group elementor-column elementor-field-group-field_c0b741d elementor-col-40\">\n\t\t\t\t\t\t\t\t\t\t\t\t<label for=\"form-field-field_c0b741d\" class=\"elementor-field-label elementor-screen-only\">\n\t\t\t\t\t\t\t\tNombre\t\t\t\t\t\t\t<\/label>\n\t\t\t\t\t\t\t\t\t\t\t\t\t\t<input size=\"1\" type=\"text\" name=\"form_fields[field_c0b741d]\" id=\"form-field-field_c0b741d\" class=\"elementor-field elementor-size-sm  elementor-field-textual\" placeholder=\"Nombre\">\n\t\t\t\t\t\t\t\t\t\t\t<\/div>\n\t\t\t\t\t\t\t\t<div class=\"elementor-field-type-email elementor-field-group elementor-column elementor-field-group-email elementor-col-100 elementor-field-required\">\n\t\t\t\t\t\t\t\t\t\t\t\t<label for=\"form-field-email\" class=\"elementor-field-label elementor-screen-only\">\n\t\t\t\t\t\t\t\tCorreo electr\u00f3nico\t\t\t\t\t\t\t<\/label>\n\t\t\t\t\t\t\t\t\t\t\t\t\t\t<input size=\"1\" type=\"email\" name=\"form_fields[email]\" id=\"form-field-email\" class=\"elementor-field elementor-size-sm  elementor-field-textual\" placeholder=\"Correo electr\u00f3nico\" required=\"required\">\n\t\t\t\t\t\t\t\t\t\t\t<\/div>\n\t\t\t\t\t\t\t\t<div class=\"elementor-field-type-textarea elementor-field-group elementor-column elementor-field-group-field_5aa7b0c elementor-col-100 elementor-field-required\">\n\t\t\t\t\t\t\t\t\t\t\t\t<label for=\"form-field-field_5aa7b0c\" class=\"elementor-field-label elementor-screen-only\">\n\t\t\t\t\t\t\t\tAsunto de su solicitud\t\t\t\t\t\t\t<\/label>\n\t\t\t\t\t\t<textarea class=\"elementor-field-textual elementor-field  elementor-size-sm\" name=\"form_fields[field_5aa7b0c]\" id=\"form-field-field_5aa7b0c\" rows=\"1\" placeholder=\"Asunto de su solicitud\" required=\"required\"><\/textarea>\t\t\t\t<\/div>\n\t\t\t\t\t\t\t\t<div class=\"elementor-field-type-textarea elementor-field-group elementor-column elementor-field-group-message elementor-col-100\">\n\t\t\t\t\t\t\t\t\t\t\t\t<label for=\"form-field-message\" class=\"elementor-field-label elementor-screen-only\">\n\t\t\t\t\t\t\t\tMensaje\t\t\t\t\t\t\t<\/label>\n\t\t\t\t\t\t<textarea class=\"elementor-field-textual elementor-field  elementor-size-sm\" name=\"form_fields[message]\" id=\"form-field-message\" rows=\"4\" placeholder=\"Mensaje\"><\/textarea>\t\t\t\t<\/div>\n\t\t\t\t\t\t\t\t<div class=\"elementor-field-group elementor-column elementor-field-type-submit elementor-col-100 e-form__buttons\">\n\t\t\t\t\t<button class=\"elementor-button elementor-size-sm\" type=\"submit\">\n\t\t\t\t\t\t<span class=\"elementor-button-content-wrapper\">\n\t\t\t\t\t\t\t\t\t\t\t\t\t\t\t\t\t\t\t\t\t\t<span class=\"elementor-button-text\">Enviar su solicitud<\/span>\n\t\t\t\t\t\t\t\t\t\t\t\t\t<\/span>\n\t\t\t\t\t<\/button>\n\t\t\t\t<\/div>\n\t\t\t<\/div>\n\t\t<\/form>\n\t\t\t\t\t\t<\/div>\n\t\t\t\t\t<\/div>\n\t\t\t\t<\/div>\n\t\t\t\t<\/div>\n\t\t","protected":false},"excerpt":{"rendered":"<p>Cont\u00e1ctenos \u00bfAlguna pregunta? \u00bfAlguna necesidad? \u00a1Hablemos! \u00bfDesea saber m\u00e1s sobre nuestra formaci\u00f3n dedicada a las Prop Firms?\u00bfTiene alguna pregunta sobre el contenido, el acceso, las modalidades o alguna necesidad espec\u00edfica relacionada con el trading financiado?Estamos a su disposici\u00f3n para acompa\u00f1arle.<\/p>\n","protected":false},"author":1,"featured_media":940,"parent":0,"menu_order":0,"comment_status":"closed","ping_status":"closed","template":"elementor_header_footer","meta":{"footnotes":""},"class_list":["post-965","page","type-page","status-publish","has-post-thumbnail","hentry"],"_links":{"self":[{"href":"https:\/\/liberty-trading-academy.com\/es\/wp-json\/wp\/v2\/pages\/965","targetHints":{"allow":["GET"]}}],"collection":[{"href":"https:\/\/liberty-trading-academy.com\/es\/wp-json\/wp\/v2\/pages"}],"about":[{"href":"https:\/\/liberty-trading-academy.com\/es\/wp-json\/wp\/v2\/types\/page"}],"author":[{"embeddable":true,"href":"https:\/\/liberty-trading-academy.com\/es\/wp-json\/wp\/v2\/users\/1"}],"replies":[{"embeddable":true,"href":"https:\/\/liberty-trading-academy.com\/es\/wp-json\/wp\/v2\/comments?post=965"}],"version-history":[{"count":1,"href":"https:\/\/liberty-trading-academy.com\/es\/wp-json\/wp\/v2\/pages\/965\/revisions"}],"predecessor-version":[{"id":969,"href":"https:\/\/liberty-trading-academy.com\/es\/wp-json\/wp\/v2\/pages\/965\/revisions\/969"}],"wp:featuredmedia":[{"embeddable":true,"href":"https:\/\/liberty-trading-academy.com\/es\/wp-json\/wp\/v2\/media\/940"}],"wp:attachment":[{"href":"https:\/\/liberty-trading-academy.com\/es\/wp-json\/wp\/v2\/media?parent=965"}],"curies":[{"name":"wp","href":"https:\/\/api.w.org\/{rel}","templated":true}]}}